{"id":2948,"date":"2025-02-06T09:11:38","date_gmt":"2025-02-06T14:11:38","guid":{"rendered":"https:\/\/cement.ca\/notre-travail-de-sensibilisation\/"},"modified":"2026-04-13T11:01:41","modified_gmt":"2026-04-13T15:01:41","slug":"sensibilisation","status":"publish","type":"page","link":"https:\/\/cement.ca\/fr\/sensibilisation\/","title":{"rendered":"Sensibilisation"},"content":{"rendered":"\t\t<div data-elementor-type=\"wp-page\" data-elementor-id=\"2948\" class=\"elementor elementor-2948 elementor-168\" data-elementor-post-type=\"page\">\n\t\t\t\t<div class=\"elementor-element elementor-element-0c87f8e e-flex e-con-boxed e-con e-parent\" data-id=\"0c87f8e\" data-element_type=\"container\" data-e-type=\"container\" data-settings=\"{&quot;jet_parallax_layout_list&quot;:[]}\">\n\t\t\t\t\t<div class=\"e-con-inner\">\n\t\t\t\t<div class=\"elementor-element elementor-element-ccaba08 elementor-widget elementor-widget-text-editor\" data-id=\"ccaba08\" data-element_type=\"widget\" data-e-type=\"widget\" data-widget_type=\"text-editor.default\">\n\t\t\t\t<div class=\"elementor-widget-container\">\n\t\t\t\t\t\t\t\t\t<p>Nous travaillons de fa\u00e7on proactive avec les gouvernements, les groupes environnementaux et la soci\u00e9t\u00e9 civile pour soutenir le d\u00e9veloppement de politiques et d\u2019initiatives r\u00e9glementaires efficaces.<\/p>\t\t\t\t\t\t\t\t<\/div>\n\t\t\t\t<\/div>\n\t\t\t\t<div class=\"elementor-element elementor-element-dd882b1 elementor-widget elementor-widget-text-editor\" data-id=\"dd882b1\" data-element_type=\"widget\" data-e-type=\"widget\" data-widget_type=\"text-editor.default\">\n\t\t\t\t<div class=\"elementor-widget-container\">\n\t\t\t\t\t\t\t\t\t<p>La lutte contre le changement climatique est un d\u00e9fi collectif qui n\u00e9cessite des solutions collectives, \u00e0 commencer par des politiques, des mesures de soutien et des incitatifs commerciaux bien con\u00e7us. Pour y parvenir, nous travaillons de fa\u00e7on proactive avec les gouvernements, les groupes environnementaux et la soci\u00e9t\u00e9 civile pour soutenir le d\u00e9veloppement de politiques et d\u2019initiatives r\u00e9glementaires efficaces. <\/p>\t\t\t\t\t\t\t\t<\/div>\n\t\t\t\t<\/div>\n\t\t\t\t<div class=\"elementor-element elementor-element-c92fd25 elementor-widget elementor-widget-heading\" data-id=\"c92fd25\" data-element_type=\"widget\" data-e-type=\"widget\" data-widget_type=\"heading.default\">\n\t\t\t\t<div class=\"elementor-widget-container\">\n\t\t\t\t\t<h2 class=\"elementor-heading-title elementor-size-default\">Nous intervenons principalement de la fa\u00e7on suivante :<\/h2>\t\t\t\t<\/div>\n\t\t\t\t<\/div>\n\t\t<div class=\"elementor-element elementor-element-2ccd785 e-con-full e-flex e-con e-child\" data-id=\"2ccd785\" data-element_type=\"container\" data-e-type=\"container\" data-settings=\"{&quot;jet_parallax_layout_list&quot;:[]}\">\n\t\t<div class=\"elementor-element elementor-element-1417762 e-con-full e-flex e-con e-child\" data-id=\"1417762\" data-element_type=\"container\" data-e-type=\"container\" data-settings=\"{&quot;jet_parallax_layout_list&quot;:[]}\">\n\t\t\t\t<div class=\"elementor-element elementor-element-68b41cb elementor-widget elementor-widget-text-editor\" data-id=\"68b41cb\" data-element_type=\"widget\" data-e-type=\"widget\" data-widget_type=\"text-editor.default\">\n\t\t\t\t<div class=\"elementor-widget-container\">\n\t\t\t\t\t\t\t\t\t<ul><li>En aidant le gouvernement \u00e0 se familiariser avec les rouages de l\u2019industrie afin d\u2019introduire des politiques solides et fond\u00e9es sur la science en mati\u00e8re de carbone, notamment en ce qui concerne sa tarification ;<\/li><li>En collaborant avec les juridictions provinciales pour moderniser les processus d\u2019approbation visant l\u2019utilisation de combustibles alternatifs \u00e0 faible teneur en carbone dans la fabrication du ciment ;<\/li><li>En participant \u00e0 l\u2019\u00e9laboration de discussions de fond sur la transition vers une \u201d \u00e9conomie propre \u201c, y compris, notamment, l\u2019\u00e9laboration des strat\u00e9gies du Canada sur le captage et l\u2019utilisation du carbone (CCUS) et l\u2019hydrog\u00e8ne ;<\/li><li><span class=\"TrackChangeTextInsertion TrackedChange SCXW33000032 BCX0\"><span class=\"TextRun SCXW33000032 BCX0\" lang=\"EN-CA\" xml:lang=\"EN-CA\" data-contrast=\"none\"><span class=\"NormalTextRun SCXW33000032 BCX0\">Ouvre la voie dans la lutte aux changements climatiques<\/span><\/span><\/span><span class=\"TrackChangeTextInsertion TrackedChange SCXW33000032 BCX0\"><span class=\"TextRun SCXW33000032 BCX0\" lang=\"EN-CA\" xml:lang=\"EN-CA\" data-contrast=\"none\"><span class=\"NormalTextRun SCXW33000032 BCX0\">en<\/span><\/span><\/span><span class=\"TrackChangeTextInsertion TrackedChange SCXW33000032 BCX0\"><span class=\"TextRun SCXW33000032 BCX0\" lang=\"EN-CA\" xml:lang=\"EN-CA\" data-contrast=\"none\"><span class=\"NormalTextRun SCXW33000032 BCX0\"> relevant le <\/span><\/span><\/span><a class=\"Hyperlink SCXW33000032 BCX0\" href=\"https:\/\/www.canada.ca\/en\/environment-climate-change\/news\/2022\/08\/launching-the-net-zero-challenge-to-recognize-and-support-businesses-transitioning-to-cleaner-operations.html\" target=\"_blank\" rel=\"noopener noreferrer\"><span class=\"FieldRange SCXW33000032 BCX0\"><span class=\"TrackChangeTextInsertion TrackedChange SCXW33000032 BCX0\"><span class=\"TextRun Underlined SCXW33000032 BCX0\" lang=\"EN-CA\" xml:lang=\"EN-CA\" data-contrast=\"none\"><span class=\"NormalTextRun SCXW33000032 BCX0\" data-ccp-charstyle=\"Hyperlink\">d\u00e9fi carboneutre<\/span><\/span><\/span><\/span><\/a><span class=\"TrackChangeTextInsertion TrackedChange SCXW33000032 BCX0\"><span class=\"TextRun Highlight SCXW33000032 BCX0\" lang=\"EN-CA\" xml:lang=\"EN-CA\" data-contrast=\"none\"><span class=\"NormalTextRun SCXW33000032 BCX0\"> Ce d\u00e9fi, qui est une initiative volontaire men\u00e9e par le gouvernement du Canada, encourage les entreprises \u00e0 \u00e9laborer et \u00e0 mettre en \u0153uvre des plans de transition cr\u00e9dibles et efficaces pour atteindre la carboneutralit\u00e9 dans leurs installations et leurs activit\u00e9s d\u2019ici 2050;<\/span><\/span><\/span><\/li><li>Collaborer avec les gouvernements, les groupes environnementaux et les organisations connexes afin de rep\u00e9rer et d\u2019appuyer les initiatives, dont la plateforme du Conseil national de recherche pour la d\u00e9carbonisation \u00e0 grande \u00e9chelle du secteur de la construction, qui contribueront \u00e0 la transition vers un avenir plus durable et carboneutre ;<\/li><li>Travailler avec tous les ordres de gouvernement pour adopter et faire progresser les politiques favorisant l\u2019achat de produits propres afin de soutenir l\u2019approvisionnement \u00e9cologique des march\u00e9s publics ;<\/li><li>Faire la promotion de codes et de normes plus souples, fond\u00e9s sur le rendement, qui contribueront \u00e0 renforcer la confiance dans un b\u00e9ton de plus en plus faible en carbone. Ce travail est essentiel \u00e0 la valorisation d\u2019une culture d\u2019achat de produits propres parmi les parties prenantes des secteurs public et priv\u00e9. <\/li><\/ul>\t\t\t\t\t\t\t\t<\/div>\n\t\t\t\t<\/div>\n\t\t\t\t<\/div>\n\t\t<div class=\"elementor-element elementor-element-80f464d e-con-full e-flex e-con e-child\" data-id=\"80f464d\" data-element_type=\"container\" data-e-type=\"container\" data-settings=\"{&quot;background_background&quot;:&quot;classic&quot;,&quot;jet_parallax_layout_list&quot;:[]}\">\n\t\t\t\t<\/div>\n\t\t\t\t<\/div>\n\t\t\t\t\t<\/div>\n\t\t\t\t<\/div>\n\t\t\t\t<\/div>\n\t\t","protected":false},"excerpt":{"rendered":"<p>Nous travaillons de fa\u00e7on proactive avec les gouvernements, les groupes environnementaux et la soci\u00e9t\u00e9 civile pour soutenir le d\u00e9veloppement de politiques et d\u2019initiatives r\u00e9glementaires efficaces. La lutte contre le changement climatique est un d\u00e9fi collectif qui n\u00e9cessite des solutions collectives, \u00e0 commencer par des politiques, des mesures de soutien et des incitatifs commerciaux bien con\u00e7us. [&hellip;]<\/p>\n","protected":false},"author":1,"featured_media":1452,"parent":0,"menu_order":3,"comment_status":"closed","ping_status":"closed","template":"","meta":{"footnotes":""},"class_list":["post-2948","page","type-page","status-publish","has-post-thumbnail","hentry"],"yoast_head":"<!-- This site is optimized with the Yoast SEO plugin v27.4 - https:\/\/yoast.com\/product\/yoast-seo-wordpress\/ -->\n<title>Sensibilisation - Cement Association of Canada<\/title>\n<meta name=\"robots\" content=\"index, follow, max-snippet:-1, max-image-preview:large, max-video-preview:-1\" \/>\n<link rel=\"canonical\" href=\"https:\/\/cement.ca\/fr\/sensibilisation\/\" \/>\n<meta property=\"og:locale\" content=\"fr_FR\" \/>\n<meta property=\"og:type\" content=\"article\" \/>\n<meta property=\"og:title\" content=\"Sensibilisation - Cement Association of Canada\" \/>\n<meta property=\"og:description\" content=\"Nous travaillons de fa\u00e7on proactive avec les gouvernements, les groupes environnementaux et la soci\u00e9t\u00e9 civile pour soutenir le d\u00e9veloppement de politiques et d\u2019initiatives r\u00e9glementaires efficaces. La lutte contre le changement climatique est un d\u00e9fi collectif qui n\u00e9cessite des solutions collectives, \u00e0 commencer par des politiques, des mesures de soutien et des incitatifs commerciaux bien con\u00e7us. [&hellip;]\" \/>\n<meta property=\"og:url\" content=\"https:\/\/cement.ca\/fr\/sensibilisation\/\" \/>\n<meta property=\"og:site_name\" content=\"Cement Association of Canada\" \/>\n<meta property=\"article:modified_time\" content=\"2026-04-13T15:01:41+00:00\" \/>\n<meta property=\"og:image\" content=\"https:\/\/cement.ca\/wp-content\/uploads\/Concrete_wall_and_ivy_1920.webp\" \/>\n\t<meta property=\"og:image:width\" content=\"1920\" \/>\n\t<meta property=\"og:image:height\" content=\"1273\" \/>\n\t<meta property=\"og:image:type\" content=\"image\/jpeg\" \/>\n<meta name=\"twitter:card\" content=\"summary_large_image\" \/>\n<meta name=\"twitter:label1\" content=\"Dur\u00e9e de lecture estim\u00e9e\" \/>\n\t<meta name=\"twitter:data1\" content=\"2 minutes\" \/>\n<script type=\"application\/ld+json\" class=\"yoast-schema-graph\">{\"@context\":\"https:\\\/\\\/schema.org\",\"@graph\":[{\"@type\":\"WebPage\",\"@id\":\"https:\\\/\\\/cement.ca\\\/fr\\\/sensibilisation\\\/\",\"url\":\"https:\\\/\\\/cement.ca\\\/fr\\\/sensibilisation\\\/\",\"name\":\"Sensibilisation - Cement Association of Canada\",\"isPartOf\":{\"@id\":\"https:\\\/\\\/cement.ca\\\/fr\\\/#website\"},\"primaryImageOfPage\":{\"@id\":\"https:\\\/\\\/cement.ca\\\/fr\\\/sensibilisation\\\/#primaryimage\"},\"image\":{\"@id\":\"https:\\\/\\\/cement.ca\\\/fr\\\/sensibilisation\\\/#primaryimage\"},\"thumbnailUrl\":\"https:\\\/\\\/cement.ca\\\/wp-content\\\/uploads\\\/Concrete_wall_and_ivy_1920.webp\",\"datePublished\":\"2025-02-06T14:11:38+00:00\",\"dateModified\":\"2026-04-13T15:01:41+00:00\",\"breadcrumb\":{\"@id\":\"https:\\\/\\\/cement.ca\\\/fr\\\/sensibilisation\\\/#breadcrumb\"},\"inLanguage\":\"fr-FR\",\"potentialAction\":[{\"@type\":\"ReadAction\",\"target\":[\"https:\\\/\\\/cement.ca\\\/fr\\\/sensibilisation\\\/\"]}]},{\"@type\":\"ImageObject\",\"inLanguage\":\"fr-FR\",\"@id\":\"https:\\\/\\\/cement.ca\\\/fr\\\/sensibilisation\\\/#primaryimage\",\"url\":\"https:\\\/\\\/cement.ca\\\/wp-content\\\/uploads\\\/Concrete_wall_and_ivy_1920.webp\",\"contentUrl\":\"https:\\\/\\\/cement.ca\\\/wp-content\\\/uploads\\\/Concrete_wall_and_ivy_1920.webp\",\"width\":1920,\"height\":1273},{\"@type\":\"BreadcrumbList\",\"@id\":\"https:\\\/\\\/cement.ca\\\/fr\\\/sensibilisation\\\/#breadcrumb\",\"itemListElement\":[{\"@type\":\"ListItem\",\"position\":1,\"name\":\"Home\",\"item\":\"https:\\\/\\\/cement.ca\\\/fr\\\/\"},{\"@type\":\"ListItem\",\"position\":2,\"name\":\"Sensibilisation\"}]},{\"@type\":\"WebSite\",\"@id\":\"https:\\\/\\\/cement.ca\\\/fr\\\/#website\",\"url\":\"https:\\\/\\\/cement.ca\\\/fr\\\/\",\"name\":\"Cement Association of Canada\",\"description\":\"The voice of Canada\u2019s cement industry\",\"publisher\":{\"@id\":\"https:\\\/\\\/cement.ca\\\/fr\\\/#organization\"},\"potentialAction\":[{\"@type\":\"SearchAction\",\"target\":{\"@type\":\"EntryPoint\",\"urlTemplate\":\"https:\\\/\\\/cement.ca\\\/fr\\\/?s={search_term_string}\"},\"query-input\":{\"@type\":\"PropertyValueSpecification\",\"valueRequired\":true,\"valueName\":\"search_term_string\"}}],\"inLanguage\":\"fr-FR\"},{\"@type\":\"Organization\",\"@id\":\"https:\\\/\\\/cement.ca\\\/fr\\\/#organization\",\"name\":\"Cement Association of Canada\",\"url\":\"https:\\\/\\\/cement.ca\\\/fr\\\/\",\"logo\":{\"@type\":\"ImageObject\",\"inLanguage\":\"fr-FR\",\"@id\":\"https:\\\/\\\/cement.ca\\\/fr\\\/#\\\/schema\\\/logo\\\/image\\\/\",\"url\":\"https:\\\/\\\/cement.ca\\\/wp-content\\\/uploads\\\/Logo-CAC-h-FR-RGB-colour-1.svg\",\"contentUrl\":\"https:\\\/\\\/cement.ca\\\/wp-content\\\/uploads\\\/Logo-CAC-h-FR-RGB-colour-1.svg\",\"width\":432.96,\"height\":200.72,\"caption\":\"Cement Association of Canada\"},\"image\":{\"@id\":\"https:\\\/\\\/cement.ca\\\/fr\\\/#\\\/schema\\\/logo\\\/image\\\/\"}}]}<\/script>\n<!-- \/ Yoast SEO plugin. -->","yoast_head_json":{"title":"Sensibilisation - Cement Association of Canada","robots":{"index":"index","follow":"follow","max-snippet":"max-snippet:-1","max-image-preview":"max-image-preview:large","max-video-preview":"max-video-preview:-1"},"canonical":"https:\/\/cement.ca\/fr\/sensibilisation\/","og_locale":"fr_FR","og_type":"article","og_title":"Sensibilisation - Cement Association of Canada","og_description":"Nous travaillons de fa\u00e7on proactive avec les gouvernements, les groupes environnementaux et la soci\u00e9t\u00e9 civile pour soutenir le d\u00e9veloppement de politiques et d\u2019initiatives r\u00e9glementaires efficaces. La lutte contre le changement climatique est un d\u00e9fi collectif qui n\u00e9cessite des solutions collectives, \u00e0 commencer par des politiques, des mesures de soutien et des incitatifs commerciaux bien con\u00e7us. [&hellip;]","og_url":"https:\/\/cement.ca\/fr\/sensibilisation\/","og_site_name":"Cement Association of Canada","article_modified_time":"2026-04-13T15:01:41+00:00","og_image":[{"width":1920,"height":1273,"url":"https:\/\/cement.ca\/wp-content\/uploads\/Concrete_wall_and_ivy_1920.webp","type":"image\/jpeg"}],"twitter_card":"summary_large_image","twitter_misc":{"Dur\u00e9e de lecture estim\u00e9e":"2 minutes"},"schema":{"@context":"https:\/\/schema.org","@graph":[{"@type":"WebPage","@id":"https:\/\/cement.ca\/fr\/sensibilisation\/","url":"https:\/\/cement.ca\/fr\/sensibilisation\/","name":"Sensibilisation - Cement Association of Canada","isPartOf":{"@id":"https:\/\/cement.ca\/fr\/#website"},"primaryImageOfPage":{"@id":"https:\/\/cement.ca\/fr\/sensibilisation\/#primaryimage"},"image":{"@id":"https:\/\/cement.ca\/fr\/sensibilisation\/#primaryimage"},"thumbnailUrl":"https:\/\/cement.ca\/wp-content\/uploads\/Concrete_wall_and_ivy_1920.webp","datePublished":"2025-02-06T14:11:38+00:00","dateModified":"2026-04-13T15:01:41+00:00","breadcrumb":{"@id":"https:\/\/cement.ca\/fr\/sensibilisation\/#breadcrumb"},"inLanguage":"fr-FR","potentialAction":[{"@type":"ReadAction","target":["https:\/\/cement.ca\/fr\/sensibilisation\/"]}]},{"@type":"ImageObject","inLanguage":"fr-FR","@id":"https:\/\/cement.ca\/fr\/sensibilisation\/#primaryimage","url":"https:\/\/cement.ca\/wp-content\/uploads\/Concrete_wall_and_ivy_1920.webp","contentUrl":"https:\/\/cement.ca\/wp-content\/uploads\/Concrete_wall_and_ivy_1920.webp","width":1920,"height":1273},{"@type":"BreadcrumbList","@id":"https:\/\/cement.ca\/fr\/sensibilisation\/#breadcrumb","itemListElement":[{"@type":"ListItem","position":1,"name":"Home","item":"https:\/\/cement.ca\/fr\/"},{"@type":"ListItem","position":2,"name":"Sensibilisation"}]},{"@type":"WebSite","@id":"https:\/\/cement.ca\/fr\/#website","url":"https:\/\/cement.ca\/fr\/","name":"Cement Association of Canada","description":"The voice of Canada\u2019s cement industry","publisher":{"@id":"https:\/\/cement.ca\/fr\/#organization"},"potentialAction":[{"@type":"SearchAction","target":{"@type":"EntryPoint","urlTemplate":"https:\/\/cement.ca\/fr\/?s={search_term_string}"},"query-input":{"@type":"PropertyValueSpecification","valueRequired":true,"valueName":"search_term_string"}}],"inLanguage":"fr-FR"},{"@type":"Organization","@id":"https:\/\/cement.ca\/fr\/#organization","name":"Cement Association of Canada","url":"https:\/\/cement.ca\/fr\/","logo":{"@type":"ImageObject","inLanguage":"fr-FR","@id":"https:\/\/cement.ca\/fr\/#\/schema\/logo\/image\/","url":"https:\/\/cement.ca\/wp-content\/uploads\/Logo-CAC-h-FR-RGB-colour-1.svg","contentUrl":"https:\/\/cement.ca\/wp-content\/uploads\/Logo-CAC-h-FR-RGB-colour-1.svg","width":432.96,"height":200.72,"caption":"Cement Association of Canada"},"image":{"@id":"https:\/\/cement.ca\/fr\/#\/schema\/logo\/image\/"}}]}},"_links":{"self":[{"href":"https:\/\/cement.ca\/fr\/wp-json\/wp\/v2\/pages\/2948","targetHints":{"allow":["GET"]}}],"collection":[{"href":"https:\/\/cement.ca\/fr\/wp-json\/wp\/v2\/pages"}],"about":[{"href":"https:\/\/cement.ca\/fr\/wp-json\/wp\/v2\/types\/page"}],"author":[{"embeddable":true,"href":"https:\/\/cement.ca\/fr\/wp-json\/wp\/v2\/users\/1"}],"replies":[{"embeddable":true,"href":"https:\/\/cement.ca\/fr\/wp-json\/wp\/v2\/comments?post=2948"}],"version-history":[{"count":1,"href":"https:\/\/cement.ca\/fr\/wp-json\/wp\/v2\/pages\/2948\/revisions"}],"predecessor-version":[{"id":3984,"href":"https:\/\/cement.ca\/fr\/wp-json\/wp\/v2\/pages\/2948\/revisions\/3984"}],"wp:featuredmedia":[{"embeddable":true,"href":"https:\/\/cement.ca\/fr\/wp-json\/wp\/v2\/media\/1452"}],"wp:attachment":[{"href":"https:\/\/cement.ca\/fr\/wp-json\/wp\/v2\/media?parent=2948"}],"curies":[{"name":"wp","href":"https:\/\/api.w.org\/{rel}","templated":true}]}}