{"id":2960,"date":"2025-02-06T09:15:47","date_gmt":"2025-02-06T14:15:47","guid":{"rendered":"https:\/\/cement.ca\/developpement-durable\/"},"modified":"2025-12-11T10:45:28","modified_gmt":"2025-12-11T15:45:28","slug":"developpement-durable","status":"publish","type":"page","link":"https:\/\/cement.ca\/fr\/developpement-durable\/","title":{"rendered":"D\u00e9veloppement durable"},"content":{"rendered":"\t\t<div data-elementor-type=\"wp-page\" data-elementor-id=\"2960\" class=\"elementor elementor-2960 elementor-178\" data-elementor-post-type=\"page\">\n\t\t\t\t<div class=\"elementor-element elementor-element-0c87f8e e-flex e-con-boxed e-con e-parent\" data-id=\"0c87f8e\" data-element_type=\"container\" data-e-type=\"container\" data-settings=\"{&quot;jet_parallax_layout_list&quot;:[]}\">\n\t\t\t\t\t<div class=\"e-con-inner\">\n\t\t\t\t<div class=\"elementor-element elementor-element-a2c7daa elementor-widget elementor-widget-text-editor\" data-id=\"a2c7daa\" data-element_type=\"widget\" data-e-type=\"widget\" data-widget_type=\"text-editor.default\">\n\t\t\t\t<div class=\"elementor-widget-container\">\n\t\t\t\t\t\t\t\t\t<p>Le b\u00e9ton est un \u00e9l\u00e9ment indispensable de notre environnement b\u00e2ti. Les efforts d\u00e9ploy\u00e9s par notre industrie pour atteindre l&rsquo;objectif \u00ab\u00a0net z\u00e9ro\u00a0\u00bb nous orientent dans une direction toujours plus verte qui contribuera \u00e0 garantir des communaut\u00e9s prosp\u00e8res, durables et r\u00e9silientes. <\/p>\t\t\t\t\t\t\t\t<\/div>\n\t\t\t\t<\/div>\n\t\t<div class=\"elementor-element elementor-element-f857021 e-con-full e-flex e-con e-child\" data-id=\"f857021\" data-element_type=\"container\" data-e-type=\"container\" data-settings=\"{&quot;jet_parallax_layout_list&quot;:[]}\">\n\t\t<div class=\"elementor-element elementor-element-15ec3d0 e-con-full e-flex e-con e-child\" data-id=\"15ec3d0\" data-element_type=\"container\" data-e-type=\"container\" data-settings=\"{&quot;jet_parallax_layout_list&quot;:[],&quot;background_background&quot;:&quot;classic&quot;}\">\n\t\t\t\t<div class=\"elementor-element elementor-element-e989920 elementor-widget elementor-widget-image\" data-id=\"e989920\" data-element_type=\"widget\" data-e-type=\"widget\" data-widget_type=\"image.default\">\n\t\t\t\t<div class=\"elementor-widget-container\">\n\t\t\t\t\t\t\t\t\t\t\t\t\t\t\t<img fetchpriority=\"high\" decoding=\"async\" width=\"800\" height=\"512\" src=\"https:\/\/cement.ca\/wp-content\/uploads\/PAN-AM-Soccer-Stadium_PLC_-shutterstock_298939763_1920-1200x768.jpg\" class=\"attachment-large size-large wp-image-1519\" alt=\"\" srcset=\"https:\/\/cement.ca\/wp-content\/uploads\/PAN-AM-Soccer-Stadium_PLC_-shutterstock_298939763_1920-1200x768.jpg 1200w, https:\/\/cement.ca\/wp-content\/uploads\/PAN-AM-Soccer-Stadium_PLC_-shutterstock_298939763_1920-600x384.jpg 600w, https:\/\/cement.ca\/wp-content\/uploads\/PAN-AM-Soccer-Stadium_PLC_-shutterstock_298939763_1920-768x491.jpg 768w, https:\/\/cement.ca\/wp-content\/uploads\/PAN-AM-Soccer-Stadium_PLC_-shutterstock_298939763_1920-1536x982.jpg 1536w, https:\/\/cement.ca\/wp-content\/uploads\/PAN-AM-Soccer-Stadium_PLC_-shutterstock_298939763_1920.jpg 1920w\" sizes=\"(max-width: 800px) 100vw, 800px\" \/>\t\t\t\t\t\t\t\t\t\t\t\t\t\t\t<\/div>\n\t\t\t\t<\/div>\n\t\t\t\t<div class=\"elementor-element elementor-element-0eb859e elementor-widget elementor-widget-heading\" data-id=\"0eb859e\" data-element_type=\"widget\" data-e-type=\"widget\" data-widget_type=\"heading.default\">\n\t\t\t\t<div class=\"elementor-widget-container\">\n\t\t\t\t\t<h2 class=\"elementor-heading-title elementor-size-default\">Innovation durable<\/h2>\t\t\t\t<\/div>\n\t\t\t\t<\/div>\n\t\t\t\t<div class=\"elementor-element elementor-element-05c03dc elementor-widget elementor-widget-text-editor\" data-id=\"05c03dc\" data-element_type=\"widget\" data-e-type=\"widget\" data-widget_type=\"text-editor.default\">\n\t\t\t\t<div class=\"elementor-widget-container\">\n\t\t\t\t\t\t\t\t\t<p>Le ciment portland-calcaire est un ciment plus durable, \u00e0 faible teneur en carbone, qui permet de r\u00e9duire les \u00e9missions de CO2 jusqu&rsquo;\u00e0 10 % tout en produisant un b\u00e9ton aux performances \u00e9quivalentes, notamment en termes de r\u00e9sistance et de durabilit\u00e9, \u00e0 celles du b\u00e9ton produit avec du ciment portland.<\/p>\t\t\t\t\t\t\t\t<\/div>\n\t\t\t\t<\/div>\n\t\t\t\t<div class=\"elementor-element elementor-element-10e10c3 elementor-widget elementor-widget-button\" data-id=\"10e10c3\" data-element_type=\"widget\" data-e-type=\"widget\" data-widget_type=\"button.default\">\n\t\t\t\t<div class=\"elementor-widget-container\">\n\t\t\t\t\t\t\t\t\t<div class=\"elementor-button-wrapper\">\n\t\t\t\t\t<a class=\"elementor-button elementor-button-link elementor-size-sm\" href=\"https:\/\/cement.ca\/fr\/developpement-durable\/innovation-durable\/\">\n\t\t\t\t\t\t<span class=\"elementor-button-content-wrapper\">\n\t\t\t\t\t\t\t\t\t<span class=\"elementor-button-text\">En savoir plus<\/span>\n\t\t\t\t\t<\/span>\n\t\t\t\t\t<\/a>\n\t\t\t\t<\/div>\n\t\t\t\t\t\t\t\t<\/div>\n\t\t\t\t<\/div>\n\t\t\t\t<\/div>\n\t\t<div class=\"elementor-element elementor-element-4b46621 e-con-full e-flex e-con e-child\" data-id=\"4b46621\" data-element_type=\"container\" data-e-type=\"container\" data-settings=\"{&quot;jet_parallax_layout_list&quot;:[],&quot;background_background&quot;:&quot;classic&quot;}\">\n\t\t\t\t<div class=\"elementor-element elementor-element-5705b92 elementor-widget elementor-widget-image\" data-id=\"5705b92\" data-element_type=\"widget\" data-e-type=\"widget\" data-widget_type=\"image.default\">\n\t\t\t\t<div class=\"elementor-widget-container\">\n\t\t\t\t\t\t\t\t\t\t\t\t\t\t\t<img decoding=\"async\" width=\"796\" height=\"796\" src=\"https:\/\/cement.ca\/wp-content\/uploads\/ph_2-1-A.webp\" class=\"attachment-large size-large wp-image-1170\" alt=\"\" \/>\t\t\t\t\t\t\t\t\t\t\t\t\t\t\t<\/div>\n\t\t\t\t<\/div>\n\t\t\t\t<div class=\"elementor-element elementor-element-c738bfb elementor-widget elementor-widget-heading\" data-id=\"c738bfb\" data-element_type=\"widget\" data-e-type=\"widget\" data-widget_type=\"heading.default\">\n\t\t\t\t<div class=\"elementor-widget-container\">\n\t\t\t\t\t<h2 class=\"elementor-heading-title elementor-size-default\">Construction durable pour une \u00e9conomie circulaire<\/h2>\t\t\t\t<\/div>\n\t\t\t\t<\/div>\n\t\t\t\t<div class=\"elementor-element elementor-element-04c5ad2 elementor-widget elementor-widget-text-editor\" data-id=\"04c5ad2\" data-element_type=\"widget\" data-e-type=\"widget\" data-widget_type=\"text-editor.default\">\n\t\t\t\t<div class=\"elementor-widget-container\">\n\t\t\t\t\t\t\t\t\t<p>Le b\u00e9ton est omnipr\u00e9sent dans notre vie quotidienne et fait partie int\u00e9grante du d\u00e9veloppement de la soci\u00e9t\u00e9 moderne. Il est utilis\u00e9 pour construire des maisons, des gratte-ciel, des ponts, des \u00e9coles, des h\u00f4pitaux, des autoroutes et des barrages, et ses possibilit\u00e9s de conception sont illimit\u00e9es. Certaines des structures les plus embl\u00e9matiques du monde, anciennes et nouvelles, ont \u00e9t\u00e9 construites en b\u00e9ton.  <\/p>\t\t\t\t\t\t\t\t<\/div>\n\t\t\t\t<\/div>\n\t\t\t\t<div class=\"elementor-element elementor-element-24b457c elementor-widget elementor-widget-button\" data-id=\"24b457c\" data-element_type=\"widget\" data-e-type=\"widget\" data-widget_type=\"button.default\">\n\t\t\t\t<div class=\"elementor-widget-container\">\n\t\t\t\t\t\t\t\t\t<div class=\"elementor-button-wrapper\">\n\t\t\t\t\t<a class=\"elementor-button elementor-button-link elementor-size-sm\" href=\"https:\/\/cement.ca\/fr\/developpement-durable\/construction-durable-pour-une-economie-circulaire\/\">\n\t\t\t\t\t\t<span class=\"elementor-button-content-wrapper\">\n\t\t\t\t\t\t\t\t\t<span class=\"elementor-button-text\">En savoir plus<\/span>\n\t\t\t\t\t<\/span>\n\t\t\t\t\t<\/a>\n\t\t\t\t<\/div>\n\t\t\t\t\t\t\t\t<\/div>\n\t\t\t\t<\/div>\n\t\t\t\t<\/div>\n\t\t\t\t<\/div>\n\t\t\t\t\t<\/div>\n\t\t\t\t<\/div>\n\t\t\t\t<\/div>\n\t\t","protected":false},"excerpt":{"rendered":"<p>Le b\u00e9ton est un \u00e9l\u00e9ment indispensable de notre environnement b\u00e2ti. Les efforts d\u00e9ploy\u00e9s par notre industrie pour atteindre l&rsquo;objectif \u00ab\u00a0net z\u00e9ro\u00a0\u00bb nous orientent dans une direction toujours plus verte qui contribuera \u00e0 garantir des communaut\u00e9s prosp\u00e8res, durables et r\u00e9silientes. Innovation durable Le ciment portland-calcaire est un ciment plus durable, \u00e0 faible teneur en carbone, qui [&hellip;]<\/p>\n","protected":false},"author":1,"featured_media":1967,"parent":0,"menu_order":5,"comment_status":"closed","ping_status":"closed","template":"","meta":{"footnotes":""},"class_list":["post-2960","page","type-page","status-publish","has-post-thumbnail","hentry"],"yoast_head":"<!-- This site is optimized with the Yoast SEO plugin v27.3 - https:\/\/yoast.com\/product\/yoast-seo-wordpress\/ -->\n<title>D\u00e9veloppement durable - Cement Association of Canada<\/title>\n<meta name=\"robots\" content=\"index, follow, max-snippet:-1, max-image-preview:large, max-video-preview:-1\" \/>\n<link rel=\"canonical\" href=\"https:\/\/cement.ca\/fr\/developpement-durable\/\" \/>\n<meta property=\"og:locale\" content=\"fr_FR\" \/>\n<meta property=\"og:type\" content=\"article\" \/>\n<meta property=\"og:title\" content=\"D\u00e9veloppement durable - Cement Association of Canada\" \/>\n<meta property=\"og:description\" content=\"Le b\u00e9ton est un \u00e9l\u00e9ment indispensable de notre environnement b\u00e2ti. Les efforts d\u00e9ploy\u00e9s par notre industrie pour atteindre l&rsquo;objectif \u00ab\u00a0net z\u00e9ro\u00a0\u00bb nous orientent dans une direction toujours plus verte qui contribuera \u00e0 garantir des communaut\u00e9s prosp\u00e8res, durables et r\u00e9silientes. Innovation durable Le ciment portland-calcaire est un ciment plus durable, \u00e0 faible teneur en carbone, qui [&hellip;]\" \/>\n<meta property=\"og:url\" content=\"https:\/\/cement.ca\/fr\/developpement-durable\/\" \/>\n<meta property=\"og:site_name\" content=\"Cement Association of Canada\" \/>\n<meta property=\"article:modified_time\" content=\"2025-12-11T15:45:28+00:00\" \/>\n<meta property=\"og:image\" content=\"https:\/\/cement.ca\/wp-content\/uploads\/download.jpg\" \/>\n\t<meta property=\"og:image:width\" content=\"1800\" \/>\n\t<meta property=\"og:image:height\" content=\"908\" \/>\n\t<meta property=\"og:image:type\" content=\"image\/jpeg\" \/>\n<meta name=\"twitter:card\" content=\"summary_large_image\" \/>\n<meta name=\"twitter:label1\" content=\"Dur\u00e9e de lecture estim\u00e9e\" \/>\n\t<meta name=\"twitter:data1\" content=\"1 minute\" \/>\n<script type=\"application\/ld+json\" class=\"yoast-schema-graph\">{\"@context\":\"https:\\\/\\\/schema.org\",\"@graph\":[{\"@type\":\"WebPage\",\"@id\":\"https:\\\/\\\/cement.ca\\\/fr\\\/developpement-durable\\\/\",\"url\":\"https:\\\/\\\/cement.ca\\\/fr\\\/developpement-durable\\\/\",\"name\":\"D\u00e9veloppement durable - Cement Association of Canada\",\"isPartOf\":{\"@id\":\"https:\\\/\\\/cement.ca\\\/fr\\\/#website\"},\"primaryImageOfPage\":{\"@id\":\"https:\\\/\\\/cement.ca\\\/fr\\\/developpement-durable\\\/#primaryimage\"},\"image\":{\"@id\":\"https:\\\/\\\/cement.ca\\\/fr\\\/developpement-durable\\\/#primaryimage\"},\"thumbnailUrl\":\"https:\\\/\\\/cement.ca\\\/wp-content\\\/uploads\\\/download.webp\",\"datePublished\":\"2025-02-06T14:15:47+00:00\",\"dateModified\":\"2025-12-11T15:45:28+00:00\",\"breadcrumb\":{\"@id\":\"https:\\\/\\\/cement.ca\\\/fr\\\/developpement-durable\\\/#breadcrumb\"},\"inLanguage\":\"fr-FR\",\"potentialAction\":[{\"@type\":\"ReadAction\",\"target\":[\"https:\\\/\\\/cement.ca\\\/fr\\\/developpement-durable\\\/\"]}]},{\"@type\":\"ImageObject\",\"inLanguage\":\"fr-FR\",\"@id\":\"https:\\\/\\\/cement.ca\\\/fr\\\/developpement-durable\\\/#primaryimage\",\"url\":\"https:\\\/\\\/cement.ca\\\/wp-content\\\/uploads\\\/download.webp\",\"contentUrl\":\"https:\\\/\\\/cement.ca\\\/wp-content\\\/uploads\\\/download.webp\",\"width\":1800,\"height\":908},{\"@type\":\"BreadcrumbList\",\"@id\":\"https:\\\/\\\/cement.ca\\\/fr\\\/developpement-durable\\\/#breadcrumb\",\"itemListElement\":[{\"@type\":\"ListItem\",\"position\":1,\"name\":\"Home\",\"item\":\"https:\\\/\\\/cement.ca\\\/fr\\\/accueil\\\/\"},{\"@type\":\"ListItem\",\"position\":2,\"name\":\"D\u00e9veloppement durable\"}]},{\"@type\":\"WebSite\",\"@id\":\"https:\\\/\\\/cement.ca\\\/fr\\\/#website\",\"url\":\"https:\\\/\\\/cement.ca\\\/fr\\\/\",\"name\":\"Cement Association of Canada\",\"description\":\"The voice of Canada\u2019s cement industry\",\"publisher\":{\"@id\":\"https:\\\/\\\/cement.ca\\\/fr\\\/#organization\"},\"potentialAction\":[{\"@type\":\"SearchAction\",\"target\":{\"@type\":\"EntryPoint\",\"urlTemplate\":\"https:\\\/\\\/cement.ca\\\/fr\\\/?s={search_term_string}\"},\"query-input\":{\"@type\":\"PropertyValueSpecification\",\"valueRequired\":true,\"valueName\":\"search_term_string\"}}],\"inLanguage\":\"fr-FR\"},{\"@type\":\"Organization\",\"@id\":\"https:\\\/\\\/cement.ca\\\/fr\\\/#organization\",\"name\":\"Cement Association of Canada\",\"url\":\"https:\\\/\\\/cement.ca\\\/fr\\\/\",\"logo\":{\"@type\":\"ImageObject\",\"inLanguage\":\"fr-FR\",\"@id\":\"https:\\\/\\\/cement.ca\\\/fr\\\/#\\\/schema\\\/logo\\\/image\\\/\",\"url\":\"https:\\\/\\\/cement.ca\\\/wp-content\\\/uploads\\\/Logo-CAC-h-FR-RGB-colour-1.svg\",\"contentUrl\":\"https:\\\/\\\/cement.ca\\\/wp-content\\\/uploads\\\/Logo-CAC-h-FR-RGB-colour-1.svg\",\"width\":432.96,\"height\":200.72,\"caption\":\"Cement Association of Canada\"},\"image\":{\"@id\":\"https:\\\/\\\/cement.ca\\\/fr\\\/#\\\/schema\\\/logo\\\/image\\\/\"}}]}<\/script>\n<!-- \/ Yoast SEO plugin. -->","yoast_head_json":{"title":"D\u00e9veloppement durable - Cement Association of Canada","robots":{"index":"index","follow":"follow","max-snippet":"max-snippet:-1","max-image-preview":"max-image-preview:large","max-video-preview":"max-video-preview:-1"},"canonical":"https:\/\/cement.ca\/fr\/developpement-durable\/","og_locale":"fr_FR","og_type":"article","og_title":"D\u00e9veloppement durable - Cement Association of Canada","og_description":"Le b\u00e9ton est un \u00e9l\u00e9ment indispensable de notre environnement b\u00e2ti. Les efforts d\u00e9ploy\u00e9s par notre industrie pour atteindre l&rsquo;objectif \u00ab\u00a0net z\u00e9ro\u00a0\u00bb nous orientent dans une direction toujours plus verte qui contribuera \u00e0 garantir des communaut\u00e9s prosp\u00e8res, durables et r\u00e9silientes. Innovation durable Le ciment portland-calcaire est un ciment plus durable, \u00e0 faible teneur en carbone, qui [&hellip;]","og_url":"https:\/\/cement.ca\/fr\/developpement-durable\/","og_site_name":"Cement Association of Canada","article_modified_time":"2025-12-11T15:45:28+00:00","og_image":[{"width":1800,"height":908,"url":"https:\/\/cement.ca\/wp-content\/uploads\/download.jpg","type":"image\/jpeg"}],"twitter_card":"summary_large_image","twitter_misc":{"Dur\u00e9e de lecture estim\u00e9e":"1 minute"},"schema":{"@context":"https:\/\/schema.org","@graph":[{"@type":"WebPage","@id":"https:\/\/cement.ca\/fr\/developpement-durable\/","url":"https:\/\/cement.ca\/fr\/developpement-durable\/","name":"D\u00e9veloppement durable - Cement Association of Canada","isPartOf":{"@id":"https:\/\/cement.ca\/fr\/#website"},"primaryImageOfPage":{"@id":"https:\/\/cement.ca\/fr\/developpement-durable\/#primaryimage"},"image":{"@id":"https:\/\/cement.ca\/fr\/developpement-durable\/#primaryimage"},"thumbnailUrl":"https:\/\/cement.ca\/wp-content\/uploads\/download.webp","datePublished":"2025-02-06T14:15:47+00:00","dateModified":"2025-12-11T15:45:28+00:00","breadcrumb":{"@id":"https:\/\/cement.ca\/fr\/developpement-durable\/#breadcrumb"},"inLanguage":"fr-FR","potentialAction":[{"@type":"ReadAction","target":["https:\/\/cement.ca\/fr\/developpement-durable\/"]}]},{"@type":"ImageObject","inLanguage":"fr-FR","@id":"https:\/\/cement.ca\/fr\/developpement-durable\/#primaryimage","url":"https:\/\/cement.ca\/wp-content\/uploads\/download.webp","contentUrl":"https:\/\/cement.ca\/wp-content\/uploads\/download.webp","width":1800,"height":908},{"@type":"BreadcrumbList","@id":"https:\/\/cement.ca\/fr\/developpement-durable\/#breadcrumb","itemListElement":[{"@type":"ListItem","position":1,"name":"Home","item":"https:\/\/cement.ca\/fr\/accueil\/"},{"@type":"ListItem","position":2,"name":"D\u00e9veloppement durable"}]},{"@type":"WebSite","@id":"https:\/\/cement.ca\/fr\/#website","url":"https:\/\/cement.ca\/fr\/","name":"Cement Association of Canada","description":"The voice of Canada\u2019s cement industry","publisher":{"@id":"https:\/\/cement.ca\/fr\/#organization"},"potentialAction":[{"@type":"SearchAction","target":{"@type":"EntryPoint","urlTemplate":"https:\/\/cement.ca\/fr\/?s={search_term_string}"},"query-input":{"@type":"PropertyValueSpecification","valueRequired":true,"valueName":"search_term_string"}}],"inLanguage":"fr-FR"},{"@type":"Organization","@id":"https:\/\/cement.ca\/fr\/#organization","name":"Cement Association of Canada","url":"https:\/\/cement.ca\/fr\/","logo":{"@type":"ImageObject","inLanguage":"fr-FR","@id":"https:\/\/cement.ca\/fr\/#\/schema\/logo\/image\/","url":"https:\/\/cement.ca\/wp-content\/uploads\/Logo-CAC-h-FR-RGB-colour-1.svg","contentUrl":"https:\/\/cement.ca\/wp-content\/uploads\/Logo-CAC-h-FR-RGB-colour-1.svg","width":432.96,"height":200.72,"caption":"Cement Association of Canada"},"image":{"@id":"https:\/\/cement.ca\/fr\/#\/schema\/logo\/image\/"}}]}},"_links":{"self":[{"href":"https:\/\/cement.ca\/fr\/wp-json\/wp\/v2\/pages\/2960","targetHints":{"allow":["GET"]}}],"collection":[{"href":"https:\/\/cement.ca\/fr\/wp-json\/wp\/v2\/pages"}],"about":[{"href":"https:\/\/cement.ca\/fr\/wp-json\/wp\/v2\/types\/page"}],"author":[{"embeddable":true,"href":"https:\/\/cement.ca\/fr\/wp-json\/wp\/v2\/users\/1"}],"replies":[{"embeddable":true,"href":"https:\/\/cement.ca\/fr\/wp-json\/wp\/v2\/comments?post=2960"}],"version-history":[{"count":0,"href":"https:\/\/cement.ca\/fr\/wp-json\/wp\/v2\/pages\/2960\/revisions"}],"wp:featuredmedia":[{"embeddable":true,"href":"https:\/\/cement.ca\/fr\/wp-json\/wp\/v2\/media\/1967"}],"wp:attachment":[{"href":"https:\/\/cement.ca\/fr\/wp-json\/wp\/v2\/media?parent=2960"}],"curies":[{"name":"wp","href":"https:\/\/api.w.org\/{rel}","templated":true}]}}