{"id":2968,"date":"2025-11-27T12:15:02","date_gmt":"2025-11-27T17:15:02","guid":{"rendered":"https:\/\/cement.ca\/centre-dexpertise\/concrete-design-handbook\/"},"modified":"2026-04-01T15:47:12","modified_gmt":"2026-04-01T19:47:12","slug":"concrete-design-handbook","status":"publish","type":"page","link":"https:\/\/cement.ca\/fr\/centre-dexpertise\/concrete-design-handbook\/","title":{"rendered":"Concrete Design Handbook"},"content":{"rendered":"\t\t<div data-elementor-type=\"wp-page\" data-elementor-id=\"2968\" class=\"elementor elementor-2968 elementor-2014\" data-elementor-post-type=\"page\">\n\t\t\t\t<div class=\"elementor-element elementor-element-c100ed3 e-flex e-con-boxed e-con e-parent\" data-id=\"c100ed3\" data-element_type=\"container\" data-e-type=\"container\" data-settings=\"{&quot;jet_parallax_layout_list&quot;:[],&quot;background_background&quot;:&quot;classic&quot;}\">\n\t\t\t\t\t<div class=\"e-con-inner\">\n\t\t<div class=\"elementor-element elementor-element-07dc949 e-con-full e-flex e-con e-child\" data-id=\"07dc949\" data-element_type=\"container\" data-e-type=\"container\" data-settings=\"{&quot;background_background&quot;:&quot;classic&quot;,&quot;jet_parallax_layout_list&quot;:[]}\">\n\t\t<div class=\"elementor-element elementor-element-90f73f9 e-con-full e-flex e-con e-child\" data-id=\"90f73f9\" data-element_type=\"container\" data-e-type=\"container\" data-settings=\"{&quot;jet_parallax_layout_list&quot;:[]}\">\n\t\t\t\t<div class=\"elementor-element elementor-element-1d70c7f elementor-widget elementor-widget-heading\" data-id=\"1d70c7f\" data-element_type=\"widget\" data-e-type=\"widget\" data-widget_type=\"heading.default\">\n\t\t\t\t<div class=\"elementor-widget-container\">\n\t\t\t\t\t<h2 class=\"elementor-heading-title elementor-size-default\">Concrete Design Handbook (5e&nbsp;\u00e9dition) - Anglais seulement<\/h2>\t\t\t\t<\/div>\n\t\t\t\t<\/div>\n\t\t\t\t<div class=\"elementor-element elementor-element-d03e62f elementor-widget elementor-widget-text-editor\" data-id=\"d03e62f\" data-element_type=\"widget\" data-e-type=\"widget\" data-widget_type=\"text-editor.default\">\n\t\t\t\t<div class=\"elementor-widget-container\">\n\t\t\t\t\t\t\t\t\t<p>La 5e \u00e9dition du Concrete Design Handbook, le guide de r\u00e9f\u00e9rence pour le calcul des ouvrages en b\u00e9ton au Canada, traite de nombreux aspects du calcul des b\u00e2timents en b\u00e9ton arm\u00e9 et pr\u00e9contraint. Elle propose une analyse compl\u00e8te de la norme du Groupe CSA A23.3-19, Calcul des ouvrages en b\u00e9ton, et traite du calcul des \u00e9l\u00e9ments structurels en b\u00e9ton arm\u00e9 conform\u00e9ment \u00e0 la norme. <\/p><p>Cette nouvelle \u00e9dition tient compte des modifications apport\u00e9es \u00e0 la norme du Groupe CSA A23.3-19 et concorde avec le Code national du b\u00e2timent du Canada de 2020. Elle remplace la 4e \u00e9dition, imprim\u00e9e en 2016. <\/p><p>La norme du Groupe CSA A23.3-19 (une valeur de 225 $) est comprise dans le manuel.<\/p><p>Pour les commandes pour \u00e9tudiants et les librairies, veuillez appeler le 1-888-361-0003, envoyer un courriel \u00e0 <a style=\"background-color: #ffffff; color: #88304e;\" href=\"mailto:orders@orderline.com\">orders@orderline.com<\/a>, ou visitez <a style=\"background-color: #ffffff; color: #88304e;\" href=\"https:\/\/r2.dotdigital-pages.com\/p\/45T9-9R0\/cdh5esurvey\" target=\"_blank\" rel=\"noopener\">ce lien<\/a>. Une r\u00e9duction de 10 % est accord\u00e9e aux universitaires, aux affili\u00e9s et aux industries connexes. Contactez-nous \u00e0 l&rsquo;adresse info@cement.ca pour les commandes en gros (25 articles ou plus).   <\/p>\t\t\t\t\t\t\t\t<\/div>\n\t\t\t\t<\/div>\n\t\t\t\t<div class=\"elementor-element elementor-element-d5f0538 elementor-widget elementor-widget-button\" data-id=\"d5f0538\" data-element_type=\"widget\" data-e-type=\"widget\" data-widget_type=\"button.default\">\n\t\t\t\t<div class=\"elementor-widget-container\">\n\t\t\t\t\t\t\t\t\t<div class=\"elementor-button-wrapper\">\n\t\t\t\t\t<a class=\"elementor-button elementor-button-link elementor-size-sm\" href=\"https:\/\/www.orderline.com\/concrete-design-handbook-fifth-edition?srsltid=AfmBOopgF5B0wk4dTQyt-QJ7Xqg6f_KOav2u8beyHv4QvZnbZfAg-9JO\" target=\"_blank\">\n\t\t\t\t\t\t<span class=\"elementor-button-content-wrapper\">\n\t\t\t\t\t\t\t\t\t<span class=\"elementor-button-text\">Commander<\/span>\n\t\t\t\t\t<\/span>\n\t\t\t\t\t<\/a>\n\t\t\t\t<\/div>\n\t\t\t\t\t\t\t\t<\/div>\n\t\t\t\t<\/div>\n\t\t\t\t<\/div>\n\t\t<div class=\"elementor-element elementor-element-0dbb7b7 e-con-full e-flex e-con e-child\" data-id=\"0dbb7b7\" data-element_type=\"container\" data-e-type=\"container\" data-settings=\"{&quot;jet_parallax_layout_list&quot;:[]}\">\n\t\t\t\t<div class=\"elementor-element elementor-element-6d4c047 elementor-widget elementor-widget-image\" data-id=\"6d4c047\" data-element_type=\"widget\" data-e-type=\"widget\" data-widget_type=\"image.default\">\n\t\t\t\t<div class=\"elementor-widget-container\">\n\t\t\t\t\t\t\t\t\t\t\t\t\t\t\t<img fetchpriority=\"high\" decoding=\"async\" width=\"500\" height=\"647\" src=\"https:\/\/cement.ca\/wp-content\/uploads\/CDH-Cover-5-web-size.webp\" class=\"attachment-large size-large wp-image-1994\" alt=\"\" \/>\t\t\t\t\t\t\t\t\t\t\t\t\t\t\t<\/div>\n\t\t\t\t<\/div>\n\t\t\t\t<\/div>\n\t\t\t\t<\/div>\n\t\t\t\t<div class=\"elementor-element elementor-element-705cfb2 elementor-widget-divider--view-line elementor-widget elementor-widget-divider\" data-id=\"705cfb2\" data-element_type=\"widget\" data-e-type=\"widget\" data-widget_type=\"divider.default\">\n\t\t\t\t<div class=\"elementor-widget-container\">\n\t\t\t\t\t\t\t<div class=\"elementor-divider\">\n\t\t\t<span class=\"elementor-divider-separator\">\n\t\t\t\t\t\t<\/span>\n\t\t<\/div>\n\t\t\t\t\t\t<\/div>\n\t\t\t\t<\/div>\n\t\t<div class=\"elementor-element elementor-element-08c1a98 e-con-full e-flex e-con e-child\" data-id=\"08c1a98\" data-element_type=\"container\" data-e-type=\"container\" data-settings=\"{&quot;jet_parallax_layout_list&quot;:[],&quot;background_background&quot;:&quot;classic&quot;}\">\n\t\t<div class=\"elementor-element elementor-element-c06ed49 e-con-full e-flex e-con e-child\" data-id=\"c06ed49\" data-element_type=\"container\" data-e-type=\"container\" data-settings=\"{&quot;background_background&quot;:&quot;classic&quot;,&quot;jet_parallax_layout_list&quot;:[]}\">\n\t\t<div class=\"elementor-element elementor-element-8731fc9 e-con-full e-flex e-con e-child\" data-id=\"8731fc9\" data-element_type=\"container\" data-e-type=\"container\" data-settings=\"{&quot;jet_parallax_layout_list&quot;:[]}\">\n\t\t\t\t<div class=\"elementor-element elementor-element-1ac81cb elementor-widget elementor-widget-heading\" data-id=\"1ac81cb\" data-element_type=\"widget\" data-e-type=\"widget\" data-widget_type=\"heading.default\">\n\t\t\t\t<div class=\"elementor-widget-container\">\n\t\t\t\t\t<h2 class=\"elementor-heading-title elementor-size-default\">Concrete Design Handbook (4e&nbsp;\u00e9dition) - Anglais seulement<\/h2>\t\t\t\t<\/div>\n\t\t\t\t<\/div>\n\t\t\t\t<div class=\"elementor-element elementor-element-9f33e80 elementor-widget elementor-widget-text-editor\" data-id=\"9f33e80\" data-element_type=\"widget\" data-e-type=\"widget\" data-widget_type=\"text-editor.default\">\n\t\t\t\t<div class=\"elementor-widget-container\">\n\t\t\t\t\t\t\t\t\t<p>La 4e \u00e9dition du Concrete Design Handbook, le guide principal de conception en b\u00e9ton au Canada, aborde de nombreux aspects de la conception structurale des b\u00e2timents en b\u00e9ton arm\u00e9 et pr\u00e9contraint conventionnels. R\u00e9dig\u00e9 par les membres du comit\u00e9 technique A23.3 de la CSA, le guide pr\u00e9sente une analyse compl\u00e8te de la norme Groupe CSA A23.3-14, Calcul des ouvrages en b\u00e9ton, et couvre la conception d\u2019\u00e9l\u00e9ments structuraux en b\u00e9ton arm\u00e9 selon la norme. Le \u201cConcrete Design Handbook\u201d comprend \u00e9galement une copie compl\u00e8te de la norme Groupe CSA A23.3-14 (VALEUR de 225$) ainsi que les notes explicatives pour cette norme.  <\/p><p>Cette nouvelle \u00e9dition refl\u00e8te les changements apport\u00e9s \u00e0 la norme Groupe CSA A23.3-14 et s\u2019aligne avec le Code national du b\u00e2timent 2015. Elle remplace la 3e \u00e9dition imprim\u00e9e en 2006. <\/p><p>Afin de maintenir le volume du manuel \u00e0 une taille raisonnable, certaines des aides de conception qui font partie du manuel ne sont pas incluses dans la version imprim\u00e9e, mais sont disponibles en ligne o\u00f9 elles peuvent \u00eatre t\u00e9l\u00e9charg\u00e9es gratuitement. Un fichier de ces aides peut \u00eatre t\u00e9l\u00e9charg\u00e9 pour chacun des chapitres indiqu\u00e9s ci-dessous. Un fichier regroupant les aides de conception pour ces chapitres est aussi disponible. Il est \u00e0 noter que ces aides de conception sont disponibles en anglais seulement. <\/p><p>Pour les commandes pour \u00e9tudiants et les librairies, veuillez appeler le 1-888-361-0003, envoyer un courriel \u00e0 <a style=\"background-color: #ffffff; color: #88304e;\" href=\"mailto:orders@orderline.com\">orders@orderline.com<\/a>, ou visitez <a style=\"background-color: #ffffff; color: #88304e;\" href=\"https:\/\/r2.dotdigital-pages.com\/p\/45T9-4A3\/please-complete-the-following-to-obtain-your-concrete-design-handbook-discount\" target=\"_blank\" rel=\"noopener\">ce lien<\/a>. Une r\u00e9duction de 10 % est accord\u00e9e aux universitaires, aux affili\u00e9s et aux industries connexes. Contactez-nous \u00e0 l&rsquo;adresse info@cement.ca pour les commandes en gros (25 articles ou plus).   <\/p>\t\t\t\t\t\t\t\t<\/div>\n\t\t\t\t<\/div>\n\t\t\t\t<div class=\"elementor-element elementor-element-52d1c3a elementor-widget elementor-widget-button\" data-id=\"52d1c3a\" data-element_type=\"widget\" data-e-type=\"widget\" data-widget_type=\"button.default\">\n\t\t\t\t<div class=\"elementor-widget-container\">\n\t\t\t\t\t\t\t\t\t<div class=\"elementor-button-wrapper\">\n\t\t\t\t\t<a class=\"elementor-button elementor-button-link elementor-size-sm\" href=\"https:\/\/www.orderline.com\/concrete-design-handbook-fourth-edition-hardcover-and-online-pdf-pack\" target=\"_blank\">\n\t\t\t\t\t\t<span class=\"elementor-button-content-wrapper\">\n\t\t\t\t\t\t\t\t\t<span class=\"elementor-button-text\">Commander<\/span>\n\t\t\t\t\t<\/span>\n\t\t\t\t\t<\/a>\n\t\t\t\t<\/div>\n\t\t\t\t\t\t\t\t<\/div>\n\t\t\t\t<\/div>\n\t\t\t\t<\/div>\n\t\t<div class=\"elementor-element elementor-element-12f595b e-con-full e-flex e-con e-child\" data-id=\"12f595b\" data-element_type=\"container\" data-e-type=\"container\" data-settings=\"{&quot;jet_parallax_layout_list&quot;:[]}\">\n\t\t\t\t<div class=\"elementor-element elementor-element-5a5de83 elementor-widget elementor-widget-image\" data-id=\"5a5de83\" data-element_type=\"widget\" data-e-type=\"widget\" data-widget_type=\"image.default\">\n\t\t\t\t<div class=\"elementor-widget-container\">\n\t\t\t\t\t\t\t\t\t\t\t\t\t\t\t<img decoding=\"async\" width=\"235\" height=\"334\" src=\"https:\/\/cement.ca\/wp-content\/uploads\/concrete-design-handbook-4th.webp\" class=\"attachment-large size-large wp-image-2018\" alt=\"\" \/>\t\t\t\t\t\t\t\t\t\t\t\t\t\t\t<\/div>\n\t\t\t\t<\/div>\n\t\t\t\t<\/div>\n\t\t\t\t<\/div>\n\t\t\t\t<\/div>\n\t\t\t\t<div class=\"elementor-element elementor-element-f87be8d elementor-widget-divider--view-line elementor-widget elementor-widget-divider\" data-id=\"f87be8d\" data-element_type=\"widget\" data-e-type=\"widget\" data-widget_type=\"divider.default\">\n\t\t\t\t<div class=\"elementor-widget-container\">\n\t\t\t\t\t\t\t<div class=\"elementor-divider\">\n\t\t\t<span class=\"elementor-divider-separator\">\n\t\t\t\t\t\t<\/span>\n\t\t<\/div>\n\t\t\t\t\t\t<\/div>\n\t\t\t\t<\/div>\n\t\t<div class=\"elementor-element elementor-element-673e8a1 e-con-full e-flex e-con e-child\" data-id=\"673e8a1\" data-element_type=\"container\" data-e-type=\"container\" data-settings=\"{&quot;jet_parallax_layout_list&quot;:[],&quot;background_background&quot;:&quot;classic&quot;}\">\n\t\t<div class=\"elementor-element elementor-element-5a4b0d7 e-con-full e-flex e-con e-child\" data-id=\"5a4b0d7\" data-element_type=\"container\" data-e-type=\"container\" data-settings=\"{&quot;background_background&quot;:&quot;classic&quot;,&quot;jet_parallax_layout_list&quot;:[]}\">\n\t\t<div class=\"elementor-element elementor-element-f2e6bf9 e-con-full e-flex e-con e-child\" data-id=\"f2e6bf9\" data-element_type=\"container\" data-e-type=\"container\" data-settings=\"{&quot;jet_parallax_layout_list&quot;:[]}\">\n\t\t\t\t<div class=\"elementor-element elementor-element-2b12910 elementor-widget elementor-widget-heading\" data-id=\"2b12910\" data-element_type=\"widget\" data-e-type=\"widget\" data-widget_type=\"heading.default\">\n\t\t\t\t<div class=\"elementor-widget-container\">\n\t\t\t\t\t<h2 class=\"elementor-heading-title elementor-size-default\">Concrete Design Handbook \u2013 mat\u00e9riel suppl\u00e9mentaire<\/h2>\t\t\t\t<\/div>\n\t\t\t\t<\/div>\n\t\t\t\t<div class=\"elementor-element elementor-element-f809ba5 elementor-widget elementor-widget-heading\" data-id=\"f809ba5\" data-element_type=\"widget\" data-e-type=\"widget\" data-widget_type=\"heading.default\">\n\t\t\t\t<div class=\"elementor-widget-container\">\n\t\t\t\t\t<h2 class=\"elementor-heading-title elementor-size-default\">Concrete Design Handbook \u2013 Errata<\/h2>\t\t\t\t<\/div>\n\t\t\t\t<\/div>\n\t\t\t\t<div class=\"elementor-element elementor-element-a9ae55c elementor-widget elementor-widget-text-editor\" data-id=\"a9ae55c\" data-element_type=\"widget\" data-e-type=\"widget\" data-widget_type=\"text-editor.default\">\n\t\t\t\t<div class=\"elementor-widget-container\">\n\t\t\t\t\t\t\t\t\t<div class=\"et_pb_module et_pb_text et_pb_text_6 et_pb_text_align_left et_pb_bg_layout_light\"><div class=\"et_pb_text_inner\"><p>Les errata pour les 3e et 4e \u00c9ditions du Concrete Design Handbook sont disponibles ici:<\/p><ul><li><a href=\"https:\/\/cement.ca\/wp-content\/uploads\/CDH-4E-Errata-No.-1-3-July-2018.pdf\" target=\"_blank\" rel=\"noopener noreferrer\">Concrete Design Handbook 4th Edition \u2013 Errata No. 1<\/a><\/li><li><a href=\"https:\/\/cement.ca\/wp-content\/uploads\/CAC-Concrete-Design-Handbook-Errata-Feb-8-2008.pdf\" target=\"_blank\" rel=\"noopener noreferrer\">Concrete Design Handbook 3rd Edition \u2013 Errata<\/a><\/li><\/ul><\/div><\/div>\t\t\t\t\t\t\t\t<\/div>\n\t\t\t\t<\/div>\n\t\t\t\t<div class=\"elementor-element elementor-element-022adbb elementor-widget elementor-widget-text-editor\" data-id=\"022adbb\" data-element_type=\"widget\" data-e-type=\"widget\" data-widget_type=\"text-editor.default\">\n\t\t\t\t<div class=\"elementor-widget-container\">\n\t\t\t\t\t\t\t\t\t<div class=\"et_pb_module et_pb_text et_pb_text_6 et_pb_text_align_left et_pb_bg_layout_light\"><div class=\"et_pb_text_inner\"><ul><li><a href=\"https:\/\/cement.ca\/wp-content\/uploads\/CDH-4E-CH1-ADA-PDF-1P-AUG2016.pdf\" target=\"_blank\" rel=\"noopener noreferrer\">Concrete Design Handbook 4th Edition \u2013 Chapter 1 \u2013 General: Additional Design Aids<\/a><\/li><li><a href=\"https:\/\/cement.ca\/wp-content\/uploads\/CDH-4E-CH5-ADA-PDF-1P-AUG2016.pdf\" target=\"_blank\" rel=\"noopener\">Concrete Design Handbook 4th Edition \u2013 Chapter 5 \u2013 Slabs: Additional Design Aids<\/a><\/li><li><a href=\"https:\/\/cement.ca\/wp-content\/uploads\/CDH-4E-CH7-ADA-PDF-1P-AUG2016.pdf\" target=\"_blank\" rel=\"noopener\">Concrete Design Handbook 4th Edition \u2013 Chapter 7 \u2013 Short Columns: Additional Design Aids<\/a><\/li><li><a href=\"https:\/\/cement.ca\/wp-content\/uploads\/CDH-4E-CH12-ADA-PDF-1P-AUG2016.pdf\" target=\"_blank\" rel=\"noopener\">Concrete Design Handbook 4th Edition \u2013 Chapter 12 \u2013 Anchorage: Additional Design Aids<\/a><\/li><li><a href=\"https:\/\/cement.ca\/wp-content\/uploads\/CDH-4E-CP-ADA-PDF-1P-AUG2016.pdf\" target=\"_blank\" rel=\"noopener\">Concrete Design Handbook 4th Edition \u2013 Complete package of Additional Design Aids<\/a><\/li><\/ul><\/div><\/div>\t\t\t\t\t\t\t\t<\/div>\n\t\t\t\t<\/div>\n\t\t\t\t<\/div>\n\t\t\t\t<\/div>\n\t\t\t\t<\/div>\n\t\t\t\t\t<\/div>\n\t\t\t\t<\/div>\n\t\t\t\t<\/div>\n\t\t","protected":false},"excerpt":{"rendered":"<p>Concrete Design Handbook (5e&nbsp;\u00e9dition) &#8211; Anglais seulement La 5e \u00e9dition du Concrete Design Handbook, le guide de r\u00e9f\u00e9rence pour le calcul des ouvrages en b\u00e9ton au Canada, traite de nombreux aspects du calcul des b\u00e2timents en b\u00e9ton arm\u00e9 et pr\u00e9contraint. Elle propose une analyse compl\u00e8te de la norme du Groupe CSA A23.3-19, Calcul des ouvrages [&hellip;]<\/p>\n","protected":false},"author":1,"featured_media":479,"parent":2966,"menu_order":6,"comment_status":"closed","ping_status":"closed","template":"","meta":{"footnotes":""},"class_list":["post-2968","page","type-page","status-publish","has-post-thumbnail","hentry"],"yoast_head":"<!-- This site is optimized with the Yoast SEO plugin v27.3 - https:\/\/yoast.com\/product\/yoast-seo-wordpress\/ -->\n<title>Concrete Design Handbook - Cement Association of Canada<\/title>\n<meta name=\"robots\" content=\"index, follow, max-snippet:-1, max-image-preview:large, max-video-preview:-1\" \/>\n<link rel=\"canonical\" href=\"https:\/\/cement.ca\/fr\/centre-dexpertise\/concrete-design-handbook\/\" \/>\n<meta property=\"og:locale\" content=\"fr_FR\" \/>\n<meta property=\"og:type\" content=\"article\" \/>\n<meta property=\"og:title\" content=\"Concrete Design Handbook - Cement Association of Canada\" \/>\n<meta property=\"og:description\" content=\"Concrete Design Handbook (5e&nbsp;\u00e9dition) &#8211; Anglais seulement La 5e \u00e9dition du Concrete Design Handbook, le guide de r\u00e9f\u00e9rence pour le calcul des ouvrages en b\u00e9ton au Canada, traite de nombreux aspects du calcul des b\u00e2timents en b\u00e9ton arm\u00e9 et pr\u00e9contraint. Elle propose une analyse compl\u00e8te de la norme du Groupe CSA A23.3-19, Calcul des ouvrages [&hellip;]\" \/>\n<meta property=\"og:url\" content=\"https:\/\/cement.ca\/fr\/centre-dexpertise\/concrete-design-handbook\/\" \/>\n<meta property=\"og:site_name\" content=\"Cement Association of Canada\" \/>\n<meta property=\"article:modified_time\" content=\"2026-04-01T19:47:12+00:00\" \/>\n<meta property=\"og:image\" content=\"https:\/\/cement.ca\/wp-content\/uploads\/University-of-Alberta-Engineering-building_precast-concrete.jpg\" \/>\n\t<meta property=\"og:image:width\" content=\"1200\" \/>\n\t<meta property=\"og:image:height\" content=\"1039\" \/>\n\t<meta property=\"og:image:type\" content=\"image\/jpeg\" \/>\n<meta name=\"twitter:card\" content=\"summary_large_image\" \/>\n<meta name=\"twitter:label1\" content=\"Dur\u00e9e de lecture estim\u00e9e\" \/>\n\t<meta name=\"twitter:data1\" content=\"3 minutes\" \/>\n<script type=\"application\/ld+json\" class=\"yoast-schema-graph\">{\"@context\":\"https:\\\/\\\/schema.org\",\"@graph\":[{\"@type\":\"WebPage\",\"@id\":\"https:\\\/\\\/cement.ca\\\/fr\\\/centre-dexpertise\\\/concrete-design-handbook\\\/\",\"url\":\"https:\\\/\\\/cement.ca\\\/fr\\\/centre-dexpertise\\\/concrete-design-handbook\\\/\",\"name\":\"Concrete Design Handbook - Cement Association of Canada\",\"isPartOf\":{\"@id\":\"https:\\\/\\\/cement.ca\\\/fr\\\/#website\"},\"primaryImageOfPage\":{\"@id\":\"https:\\\/\\\/cement.ca\\\/fr\\\/centre-dexpertise\\\/concrete-design-handbook\\\/#primaryimage\"},\"image\":{\"@id\":\"https:\\\/\\\/cement.ca\\\/fr\\\/centre-dexpertise\\\/concrete-design-handbook\\\/#primaryimage\"},\"thumbnailUrl\":\"https:\\\/\\\/cement.ca\\\/wp-content\\\/uploads\\\/University-of-Alberta-Engineering-building_precast-concrete.jpg\",\"datePublished\":\"2025-11-27T17:15:02+00:00\",\"dateModified\":\"2026-04-01T19:47:12+00:00\",\"breadcrumb\":{\"@id\":\"https:\\\/\\\/cement.ca\\\/fr\\\/centre-dexpertise\\\/concrete-design-handbook\\\/#breadcrumb\"},\"inLanguage\":\"fr-FR\",\"potentialAction\":[{\"@type\":\"ReadAction\",\"target\":[\"https:\\\/\\\/cement.ca\\\/fr\\\/centre-dexpertise\\\/concrete-design-handbook\\\/\"]}]},{\"@type\":\"ImageObject\",\"inLanguage\":\"fr-FR\",\"@id\":\"https:\\\/\\\/cement.ca\\\/fr\\\/centre-dexpertise\\\/concrete-design-handbook\\\/#primaryimage\",\"url\":\"https:\\\/\\\/cement.ca\\\/wp-content\\\/uploads\\\/University-of-Alberta-Engineering-building_precast-concrete.jpg\",\"contentUrl\":\"https:\\\/\\\/cement.ca\\\/wp-content\\\/uploads\\\/University-of-Alberta-Engineering-building_precast-concrete.jpg\",\"width\":1200,\"height\":1039},{\"@type\":\"BreadcrumbList\",\"@id\":\"https:\\\/\\\/cement.ca\\\/fr\\\/centre-dexpertise\\\/concrete-design-handbook\\\/#breadcrumb\",\"itemListElement\":[{\"@type\":\"ListItem\",\"position\":1,\"name\":\"Home\",\"item\":\"https:\\\/\\\/cement.ca\\\/fr\\\/accueil\\\/\"},{\"@type\":\"ListItem\",\"position\":2,\"name\":\"Centre d\u2019expertise\",\"item\":\"https:\\\/\\\/cement.ca\\\/fr\\\/centre-dexpertise\\\/\"},{\"@type\":\"ListItem\",\"position\":3,\"name\":\"Concrete Design Handbook\"}]},{\"@type\":\"WebSite\",\"@id\":\"https:\\\/\\\/cement.ca\\\/fr\\\/#website\",\"url\":\"https:\\\/\\\/cement.ca\\\/fr\\\/\",\"name\":\"Cement Association of Canada\",\"description\":\"The voice of Canada\u2019s cement industry\",\"publisher\":{\"@id\":\"https:\\\/\\\/cement.ca\\\/fr\\\/#organization\"},\"potentialAction\":[{\"@type\":\"SearchAction\",\"target\":{\"@type\":\"EntryPoint\",\"urlTemplate\":\"https:\\\/\\\/cement.ca\\\/fr\\\/?s={search_term_string}\"},\"query-input\":{\"@type\":\"PropertyValueSpecification\",\"valueRequired\":true,\"valueName\":\"search_term_string\"}}],\"inLanguage\":\"fr-FR\"},{\"@type\":\"Organization\",\"@id\":\"https:\\\/\\\/cement.ca\\\/fr\\\/#organization\",\"name\":\"Cement Association of Canada\",\"url\":\"https:\\\/\\\/cement.ca\\\/fr\\\/\",\"logo\":{\"@type\":\"ImageObject\",\"inLanguage\":\"fr-FR\",\"@id\":\"https:\\\/\\\/cement.ca\\\/fr\\\/#\\\/schema\\\/logo\\\/image\\\/\",\"url\":\"https:\\\/\\\/cement.ca\\\/wp-content\\\/uploads\\\/Logo-CAC-h-FR-RGB-colour-1.svg\",\"contentUrl\":\"https:\\\/\\\/cement.ca\\\/wp-content\\\/uploads\\\/Logo-CAC-h-FR-RGB-colour-1.svg\",\"width\":432.96,\"height\":200.72,\"caption\":\"Cement Association of Canada\"},\"image\":{\"@id\":\"https:\\\/\\\/cement.ca\\\/fr\\\/#\\\/schema\\\/logo\\\/image\\\/\"}}]}<\/script>\n<!-- \/ Yoast SEO plugin. -->","yoast_head_json":{"title":"Concrete Design Handbook - Cement Association of Canada","robots":{"index":"index","follow":"follow","max-snippet":"max-snippet:-1","max-image-preview":"max-image-preview:large","max-video-preview":"max-video-preview:-1"},"canonical":"https:\/\/cement.ca\/fr\/centre-dexpertise\/concrete-design-handbook\/","og_locale":"fr_FR","og_type":"article","og_title":"Concrete Design Handbook - Cement Association of Canada","og_description":"Concrete Design Handbook (5e&nbsp;\u00e9dition) &#8211; Anglais seulement La 5e \u00e9dition du Concrete Design Handbook, le guide de r\u00e9f\u00e9rence pour le calcul des ouvrages en b\u00e9ton au Canada, traite de nombreux aspects du calcul des b\u00e2timents en b\u00e9ton arm\u00e9 et pr\u00e9contraint. Elle propose une analyse compl\u00e8te de la norme du Groupe CSA A23.3-19, Calcul des ouvrages [&hellip;]","og_url":"https:\/\/cement.ca\/fr\/centre-dexpertise\/concrete-design-handbook\/","og_site_name":"Cement Association of Canada","article_modified_time":"2026-04-01T19:47:12+00:00","og_image":[{"width":1200,"height":1039,"url":"https:\/\/cement.ca\/wp-content\/uploads\/University-of-Alberta-Engineering-building_precast-concrete.jpg","type":"image\/jpeg"}],"twitter_card":"summary_large_image","twitter_misc":{"Dur\u00e9e de lecture estim\u00e9e":"3 minutes"},"schema":{"@context":"https:\/\/schema.org","@graph":[{"@type":"WebPage","@id":"https:\/\/cement.ca\/fr\/centre-dexpertise\/concrete-design-handbook\/","url":"https:\/\/cement.ca\/fr\/centre-dexpertise\/concrete-design-handbook\/","name":"Concrete Design Handbook - Cement Association of Canada","isPartOf":{"@id":"https:\/\/cement.ca\/fr\/#website"},"primaryImageOfPage":{"@id":"https:\/\/cement.ca\/fr\/centre-dexpertise\/concrete-design-handbook\/#primaryimage"},"image":{"@id":"https:\/\/cement.ca\/fr\/centre-dexpertise\/concrete-design-handbook\/#primaryimage"},"thumbnailUrl":"https:\/\/cement.ca\/wp-content\/uploads\/University-of-Alberta-Engineering-building_precast-concrete.jpg","datePublished":"2025-11-27T17:15:02+00:00","dateModified":"2026-04-01T19:47:12+00:00","breadcrumb":{"@id":"https:\/\/cement.ca\/fr\/centre-dexpertise\/concrete-design-handbook\/#breadcrumb"},"inLanguage":"fr-FR","potentialAction":[{"@type":"ReadAction","target":["https:\/\/cement.ca\/fr\/centre-dexpertise\/concrete-design-handbook\/"]}]},{"@type":"ImageObject","inLanguage":"fr-FR","@id":"https:\/\/cement.ca\/fr\/centre-dexpertise\/concrete-design-handbook\/#primaryimage","url":"https:\/\/cement.ca\/wp-content\/uploads\/University-of-Alberta-Engineering-building_precast-concrete.jpg","contentUrl":"https:\/\/cement.ca\/wp-content\/uploads\/University-of-Alberta-Engineering-building_precast-concrete.jpg","width":1200,"height":1039},{"@type":"BreadcrumbList","@id":"https:\/\/cement.ca\/fr\/centre-dexpertise\/concrete-design-handbook\/#breadcrumb","itemListElement":[{"@type":"ListItem","position":1,"name":"Home","item":"https:\/\/cement.ca\/fr\/accueil\/"},{"@type":"ListItem","position":2,"name":"Centre d\u2019expertise","item":"https:\/\/cement.ca\/fr\/centre-dexpertise\/"},{"@type":"ListItem","position":3,"name":"Concrete Design Handbook"}]},{"@type":"WebSite","@id":"https:\/\/cement.ca\/fr\/#website","url":"https:\/\/cement.ca\/fr\/","name":"Cement Association of Canada","description":"The voice of Canada\u2019s cement industry","publisher":{"@id":"https:\/\/cement.ca\/fr\/#organization"},"potentialAction":[{"@type":"SearchAction","target":{"@type":"EntryPoint","urlTemplate":"https:\/\/cement.ca\/fr\/?s={search_term_string}"},"query-input":{"@type":"PropertyValueSpecification","valueRequired":true,"valueName":"search_term_string"}}],"inLanguage":"fr-FR"},{"@type":"Organization","@id":"https:\/\/cement.ca\/fr\/#organization","name":"Cement Association of Canada","url":"https:\/\/cement.ca\/fr\/","logo":{"@type":"ImageObject","inLanguage":"fr-FR","@id":"https:\/\/cement.ca\/fr\/#\/schema\/logo\/image\/","url":"https:\/\/cement.ca\/wp-content\/uploads\/Logo-CAC-h-FR-RGB-colour-1.svg","contentUrl":"https:\/\/cement.ca\/wp-content\/uploads\/Logo-CAC-h-FR-RGB-colour-1.svg","width":432.96,"height":200.72,"caption":"Cement Association of Canada"},"image":{"@id":"https:\/\/cement.ca\/fr\/#\/schema\/logo\/image\/"}}]}},"_links":{"self":[{"href":"https:\/\/cement.ca\/fr\/wp-json\/wp\/v2\/pages\/2968","targetHints":{"allow":["GET"]}}],"collection":[{"href":"https:\/\/cement.ca\/fr\/wp-json\/wp\/v2\/pages"}],"about":[{"href":"https:\/\/cement.ca\/fr\/wp-json\/wp\/v2\/types\/page"}],"author":[{"embeddable":true,"href":"https:\/\/cement.ca\/fr\/wp-json\/wp\/v2\/users\/1"}],"replies":[{"embeddable":true,"href":"https:\/\/cement.ca\/fr\/wp-json\/wp\/v2\/comments?post=2968"}],"version-history":[{"count":1,"href":"https:\/\/cement.ca\/fr\/wp-json\/wp\/v2\/pages\/2968\/revisions"}],"predecessor-version":[{"id":3918,"href":"https:\/\/cement.ca\/fr\/wp-json\/wp\/v2\/pages\/2968\/revisions\/3918"}],"up":[{"embeddable":true,"href":"https:\/\/cement.ca\/fr\/wp-json\/wp\/v2\/pages\/2966"}],"wp:featuredmedia":[{"embeddable":true,"href":"https:\/\/cement.ca\/fr\/wp-json\/wp\/v2\/media\/479"}],"wp:attachment":[{"href":"https:\/\/cement.ca\/fr\/wp-json\/wp\/v2\/media?parent=2968"}],"curies":[{"name":"wp","href":"https:\/\/api.w.org\/{rel}","templated":true}]}}